{"id":2164,"date":"2025-02-06T11:49:37","date_gmt":"2025-02-06T11:49:37","guid":{"rendered":"http:\/\/idkgvsa.cluster023.hosting.ovh.net\/contact\/"},"modified":"2025-04-10T09:38:00","modified_gmt":"2025-04-10T09:38:00","slug":"contact","status":"publish","type":"page","link":"https:\/\/www.nextdigital.es\/en\/contact\/","title":{"rendered":"Contact"},"content":{"rendered":"<div class=\"fusion-fullwidth fullwidth-box fusion-builder-row-1 fusion-flex-container has-pattern-background has-mask-background fusion-parallax-none nonhundred-percent-fullwidth non-hundred-percent-height-scrolling\" style=\"--awb-background-position:right top;--awb-background-position-small:right bottom;--awb-border-radius-top-left:0px;--awb-border-radius-top-right:0px;--awb-border-radius-bottom-right:0px;--awb-border-radius-bottom-left:0px;--awb-padding-top:200px;--awb-padding-bottom:100px;--awb-padding-top-medium:170px;--awb-padding-top-small:120px;--awb-background-color:var(--awb-color2);--awb-background-image:url(&quot;https:\/\/www.nextdigital.es\/wp-content\/uploads\/2025\/02\/background-contact-desktop.webp&quot;);--awb-background-image-small:url(&#039;https:\/\/www.nextdigital.es\/wp-content\/uploads\/2025\/02\/background-contact-phone.webp&#039;);--awb-background-size:contain;--awb-background-size-medium:40%;--awb-background-size-small:contain;--awb-flex-wrap:wrap;\" ><div class=\"fusion-builder-row fusion-row fusion-flex-align-items-flex-start fusion-flex-content-wrap\" style=\"max-width:1456px;margin-left: calc(-4% \/ 2 );margin-right: calc(-4% \/ 2 );\"><div class=\"fusion-layout-column fusion_builder_column fusion-builder-column-0 fusion_builder_column_1_2 1_2 fusion-flex-column\" style=\"--awb-bg-size:cover;--awb-width-large:50%;--awb-margin-top-large:0px;--awb-spacing-right-large:3.84%;--awb-margin-bottom-large:20px;--awb-spacing-left-large:3.84%;--awb-width-medium:50%;--awb-order-medium:0;--awb-spacing-right-medium:3.84%;--awb-spacing-left-medium:3.84%;--awb-width-small:100%;--awb-order-small:0;--awb-spacing-right-small:1.92%;--awb-spacing-left-small:1.92%;\"><div class=\"fusion-column-wrapper fusion-column-has-shadow fusion-flex-justify-content-flex-start fusion-content-layout-column\"><div class=\"fusion-title title fusion-title-1 fusion-sep-none fusion-title-text fusion-title-size-two fusion-animated\" style=\"--awb-margin-bottom:50px;\" data-animationType=\"fadeInUp\" data-animationDuration=\"0.6\" data-animationOffset=\"top-into-view\"><h2 class=\"fusion-title-heading title-heading-left\" style=\"margin:0;\">We want to hear from you!<\/h2><\/div><div class=\"fusion-title title fusion-title-2 fusion-sep-none fusion-title-text fusion-title-size-four fusion-animated next-link-text-hover-underline\" style=\"--awb-margin-bottom:5px;--awb-link-hover-color:var(--awb-color1);\" data-animationType=\"fadeInUp\" data-animationDuration=\"0.6\" data-animationDelay=\"0.1\" data-animationOffset=\"top-into-view\"><h4 class=\"fusion-title-heading title-heading-left\" style=\"margin:0;\"><a href=\"mailto:info@nextdigital.es\" class=\"awb-custom-text-color awb-custom-text-hover-color\" target=\"_self\">info@nextdigital.es<\/a><\/h4><\/div><div class=\"fusion-text fusion-text-1 fusion-animated\" style=\"--awb-text-color:var(--awb-color8);\" data-animationType=\"fadeInUp\" data-animationDuration=\"0.6\" data-animationDelay=\"0.1\" data-animationOffset=\"top-into-view\"><p>24 X 7 online support<\/p>\n<\/div><div class=\"fusion-title title fusion-title-3 fusion-sep-none fusion-title-text fusion-title-size-four fusion-animated next-link-text-hover-underline\" style=\"--awb-margin-bottom:5px;--awb-margin-top-small:5px;--awb-link-hover-color:var(--awb-color1);\" data-animationType=\"fadeInUp\" data-animationDuration=\"0.6\" data-animationDelay=\"0.2\" data-animationOffset=\"top-into-view\"><h4 class=\"fusion-title-heading title-heading-left\" style=\"margin:0;\"><a href=\"tel:919930034\" class=\"awb-custom-text-color awb-custom-text-hover-color\" target=\"_self\">91 993 00 34<\/a><\/h4><\/div><div class=\"fusion-text fusion-text-2 fusion-animated\" style=\"--awb-text-color:var(--awb-color8);\" data-animationType=\"fadeInUp\" data-animationDuration=\"0.6\" data-animationDelay=\"0.2\" data-animationOffset=\"top-into-view\"><p>Monday &#8211; Friday 8:00am &#8211; 8:00pm<\/p>\n<\/div><div class=\"fusion-title title fusion-title-4 fusion-sep-none fusion-title-text fusion-title-size-four fusion-animated next-link-text-hover-underline\" style=\"--awb-margin-top-small:5px;--awb-link-hover-color:var(--awb-color1);\" data-animationType=\"fadeInUp\" data-animationDuration=\"0.6\" data-animationDelay=\"0.3\" data-animationOffset=\"top-into-view\"><h4 class=\"fusion-title-heading title-heading-left\" style=\"margin:0;\"><a href=\"https:\/\/www.google.com\/maps\/place\/P.%C2%BA+de+La+Habana,+9,+Chamart%C3%ADn,+28036+Madrid\/@40.4496327,-3.6919394,17z\/data=!3m1!4b1!4m6!3m5!1s0xd4228e397e5f5eb:0x2f6f8cf0b43f90b3!8m2!3d40.4496286!4d-3.6893645!16s%2Fg%2F11bw4424wf?entry=ttu&amp;g_ep=EgoyMDI1MDIwNC4wIKXMDSoJLDEwMjExMjMzSAFQAw%3D%3D\" class=\"awb-custom-text-color awb-custom-text-hover-color\" target=\"_blank\"><p><a href=\"https:\/\/www.google.com\/maps\/place\/P.%C2%BA+de+La+Habana,+9,+Chamart%C3%ADn,+28036+Madrid\/@40.4496327,-3.6919394,17z\/data=!3m1!4b1!4m6!3m5!1s0xd4228e397e5f5eb:0x2f6f8cf0b43f90b3!8m2!3d40.4496286!4d-3.6893645!16s%2Fg%2F11bw4424wf?entry=ttu&amp;g_ep=EgoyMDI1MDIwNC4wIKXMDSoJLDEwMjExMjMzSAFQAw%3D%3D\" target=\"_blank\" rel=\"noopener\">P.\u00ba de La Habana, 9 ,<br \/>\nChamart\u00edn, 28036 Madrid<\/a><\/p><\/a><\/h4><\/div><\/div><\/div><div class=\"fusion-layout-column fusion_builder_column fusion-builder-column-1 fusion_builder_column_1_2 1_2 fusion-flex-column next-contact-column-form-7 fusion-animated\" style=\"--awb-padding-top:50px;--awb-padding-right:50px;--awb-padding-bottom:10px;--awb-padding-left:50px;--awb-padding-top-small:30px;--awb-padding-right-small:20px;--awb-padding-bottom-small:5px;--awb-padding-left-small:20px;--awb-overflow:hidden;--awb-bg-color:var(--awb-color8);--awb-bg-color-hover:var(--awb-color8);--awb-bg-size:cover;--awb-border-radius:30px 30px 30px 30px;--awb-width-large:50%;--awb-margin-top-large:0px;--awb-spacing-right-large:3.84%;--awb-margin-bottom-large:20px;--awb-spacing-left-large:3.84%;--awb-width-medium:50%;--awb-order-medium:0;--awb-spacing-right-medium:3.84%;--awb-spacing-left-medium:3.84%;--awb-width-small:100%;--awb-order-small:0;--awb-spacing-right-small:1.92%;--awb-spacing-left-small:1.92%;\" data-animationType=\"fadeInUp\" data-animationDuration=\"0.6\" data-animationOffset=\"top-into-view\" data-scroll-devices=\"small-visibility,medium-visibility,large-visibility\"><div class=\"fusion-column-wrapper fusion-column-has-shadow fusion-flex-justify-content-flex-start fusion-content-layout-column\">\n<div class=\"wpcf7 no-js\" id=\"wpcf7-f1117-o1\" lang=\"es-ES\" dir=\"ltr\" data-wpcf7-id=\"1117\">\n<div class=\"screen-reader-response\"><p role=\"status\" aria-live=\"polite\" aria-atomic=\"true\"><\/p> <ul><\/ul><\/div>\n<form action=\"\/en\/wp-json\/wp\/v2\/pages\/2164#wpcf7-f1117-o1\" method=\"post\" class=\"wpcf7-form init\" aria-label=\"Formulario de contacto\" novalidate=\"novalidate\" data-status=\"init\">\n<div style=\"display: none;\">\n<input type=\"hidden\" name=\"_wpcf7\" value=\"1117\" \/>\n<input type=\"hidden\" name=\"_wpcf7_version\" value=\"6.0.3\" \/>\n<input type=\"hidden\" name=\"_wpcf7_locale\" value=\"es_ES\" \/>\n<input type=\"hidden\" name=\"_wpcf7_unit_tag\" value=\"wpcf7-f1117-o1\" \/>\n<input type=\"hidden\" name=\"_wpcf7_container_post\" value=\"0\" \/>\n<input type=\"hidden\" name=\"_wpcf7_posted_data_hash\" value=\"\" \/>\n<\/div>\n<p><label> NOMBRE*<br \/>\n<span class=\"wpcf7-form-control-wrap\" data-name=\"your-name\"><input size=\"40\" maxlength=\"400\" class=\"wpcf7-form-control wpcf7-text wpcf7-validates-as-required\" autocomplete=\"name\" aria-required=\"true\" aria-invalid=\"false\" value=\"\" type=\"text\" name=\"your-name\" \/><\/span> <\/label>\n<\/p>\n<p><label> EMAIL*<br \/>\n<span class=\"wpcf7-form-control-wrap\" data-name=\"your-email\"><input size=\"40\" maxlength=\"400\" class=\"wpcf7-form-control wpcf7-email wpcf7-validates-as-required wpcf7-text wpcf7-validates-as-email\" autocomplete=\"email\" aria-required=\"true\" aria-invalid=\"false\" value=\"\" type=\"email\" name=\"your-email\" \/><\/span> <\/label>\n<\/p>\n<p><label> TEL\u00c9FONO<br \/>\n<span class=\"wpcf7-form-control-wrap\" data-name=\"your-tel\"><input size=\"40\" maxlength=\"400\" class=\"wpcf7-form-control wpcf7-tel wpcf7-text wpcf7-validates-as-tel\" aria-invalid=\"false\" value=\"\" type=\"tel\" name=\"your-tel\" \/><\/span> <\/label>\n<\/p>\n<p><label> MENSAJE*<br \/>\n<span class=\"wpcf7-form-control-wrap\" data-name=\"your-message\"><textarea cols=\"40\" rows=\"10\" maxlength=\"2000\" class=\"wpcf7-form-control wpcf7-textarea wpcf7-validates-as-required\" aria-required=\"true\" aria-invalid=\"false\" name=\"your-message\"><\/textarea><\/span> <\/label>\n<\/p>\n<p><span class=\"wpcf7-form-control-wrap\" data-name=\"acceptance-821\"><span class=\"wpcf7-form-control wpcf7-acceptance optional\"><span class=\"wpcf7-list-item\"><label><input type=\"checkbox\" name=\"acceptance-821\" value=\"1\" aria-invalid=\"false\" \/><span class=\"wpcf7-list-item-label\">He le\u00eddo y acepto la <a style=\"text-decoration: underline;\" href=\"https:\/\/www.nextdigital.es\/index.php\/politica-privacidad\/\">Pol\u00edtica de Privacidad<\/a>.<\/span><\/label><\/span><\/span><\/span>\n<\/p>\n<p><input class=\"wpcf7-form-control wpcf7-submit has-spinner\" type=\"submit\" value=\"Enviar\" \/>\n<\/p>\n<p class=\"next-legal-small\"><b>Informaci\u00f3n b\u00e1sica sobre protecci\u00f3n de datos<\/b><br \/>\nResponsable: NEXT DIGITAL HUB, S.L Finalidad: Gestionar el env\u00edo de informaci\u00f3n y prospecci\u00f3n comercial y dar acceso a los servicios ofrecidos. Legitimaci\u00f3n: Consentimiento del interesado. Destinatarios: Empresas proveedoras nacionales y encargados de tratamiento acogidos a privacy shield. Derechos: Acceder, rectificar y suprimir los datos, as\u00ed como otros derechos como se explica en la pol\u00edtica de privacidad. El completo de pol\u00edtica de privacidad ya est\u00e1 tambi\u00e9n en la p\u00e1gina: Pol\u00edtica de Privacidad.\n<\/p><div class=\"fusion-alert alert custom alert-custom fusion-alert-center wpcf7-response-output awb-alert-native-link-color alert-dismissable awb-alert-close-boxed\" style=\"--awb-border-size:1px;--awb-border-top-left-radius:0px;--awb-border-top-right-radius:0px;--awb-border-bottom-left-radius:0px;--awb-border-bottom-right-radius:0px;\" role=\"alert\"><div class=\"fusion-alert-content-wrapper\"><span class=\"fusion-alert-content\"><\/span><\/div><button type=\"button\" class=\"close toggle-alert\" data-dismiss=\"alert\" aria-label=\"Close\">&times;<\/button><\/div>\n<\/form>\n<\/div>\n<\/div><\/div><\/div><\/div>\n","protected":false},"excerpt":{"rendered":"","protected":false},"author":1,"featured_media":0,"parent":0,"menu_order":0,"comment_status":"closed","ping_status":"closed","template":"100-width.php","meta":{"footnotes":""},"class_list":["post-2164","page","type-page","status-publish","hentry"],"_links":{"self":[{"href":"https:\/\/www.nextdigital.es\/en\/wp-json\/wp\/v2\/pages\/2164","targetHints":{"allow":["GET"]}}],"collection":[{"href":"https:\/\/www.nextdigital.es\/en\/wp-json\/wp\/v2\/pages"}],"about":[{"href":"https:\/\/www.nextdigital.es\/en\/wp-json\/wp\/v2\/types\/page"}],"author":[{"embeddable":true,"href":"https:\/\/www.nextdigital.es\/en\/wp-json\/wp\/v2\/users\/1"}],"replies":[{"embeddable":true,"href":"https:\/\/www.nextdigital.es\/en\/wp-json\/wp\/v2\/comments?post=2164"}],"version-history":[{"count":2,"href":"https:\/\/www.nextdigital.es\/en\/wp-json\/wp\/v2\/pages\/2164\/revisions"}],"predecessor-version":[{"id":2166,"href":"https:\/\/www.nextdigital.es\/en\/wp-json\/wp\/v2\/pages\/2164\/revisions\/2166"}],"wp:attachment":[{"href":"https:\/\/www.nextdigital.es\/en\/wp-json\/wp\/v2\/media?parent=2164"}],"curies":[{"name":"wp","href":"https:\/\/api.w.org\/{rel}","templated":true}]}}