{"id":2212,"date":"2025-02-07T13:52:57","date_gmt":"2025-02-07T11:52:57","guid":{"rendered":"http:\/\/idkgvsa.cluster023.hosting.ovh.net\/certificaciones\/"},"modified":"2025-04-10T09:48:23","modified_gmt":"2025-04-10T09:48:23","slug":"certificaciones","status":"publish","type":"page","link":"https:\/\/www.nextdigital.es\/en\/certificaciones\/","title":{"rendered":"Certificaciones"},"content":{"rendered":"<p><div class=\"fusion-fullwidth fullwidth-box fusion-builder-row-1 fusion-flex-container has-pattern-background has-mask-background nonhundred-percent-fullwidth non-hundred-percent-height-scrolling\" style=\"--awb-border-radius-top-left:0px;--awb-border-radius-top-right:0px;--awb-border-radius-bottom-right:0px;--awb-border-radius-bottom-left:0px;--awb-margin-top:200px;--awb-flex-wrap:wrap;\" ><div class=\"fusion-builder-row fusion-row fusion-flex-align-items-flex-start fusion-flex-content-wrap\" style=\"max-width:1456px;margin-left: calc(-4% \/ 2 );margin-right: calc(-4% \/ 2 );\"><div class=\"fusion-layout-column fusion_builder_column fusion-builder-column-0 fusion_builder_column_1_1 1_1 fusion-flex-column\" style=\"--awb-bg-size:cover;--awb-width-large:100%;--awb-margin-top-large:0px;--awb-spacing-right-large:1.92%;--awb-margin-bottom-large:20px;--awb-spacing-left-large:1.92%;--awb-width-medium:100%;--awb-order-medium:0;--awb-spacing-right-medium:1.92%;--awb-spacing-left-medium:1.92%;--awb-width-small:100%;--awb-order-small:0;--awb-spacing-right-small:1.92%;--awb-spacing-left-small:1.92%;\"><div class=\"fusion-column-wrapper fusion-column-has-shadow fusion-flex-justify-content-flex-start fusion-content-layout-column\"><div class=\"fusion-title title fusion-title-1 fusion-sep-none fusion-title-text fusion-title-size-two\"><h2 class=\"fusion-title-heading title-heading-left\" style=\"margin:0;\">Certificaciones<\/h2><\/div><\/div><\/div><\/div><\/div>\n<div class=\"fusion-fullwidth fullwidth-box fusion-builder-row-2 fusion-flex-container has-pattern-background has-mask-background nonhundred-percent-fullwidth non-hundred-percent-height-scrolling\" style=\"--awb-border-radius-top-left:0px;--awb-border-radius-top-right:0px;--awb-border-radius-bottom-right:0px;--awb-border-radius-bottom-left:0px;--awb-margin-bottom:100px;--awb-margin-bottom-medium:80px;--awb-margin-bottom-small:60px;--awb-flex-wrap:wrap;\" ><div class=\"fusion-builder-row fusion-row fusion-flex-align-items-flex-start fusion-flex-content-wrap\" style=\"max-width:1456px;margin-left: calc(-4% \/ 2 );margin-right: calc(-4% \/ 2 );\"><div class=\"fusion-layout-column fusion_builder_column fusion-builder-column-1 fusion_builder_column_1_1 1_1 fusion-flex-column\" style=\"--awb-bg-size:cover;--awb-width-large:100%;--awb-margin-top-large:0px;--awb-spacing-right-large:1.92%;--awb-margin-bottom-large:20px;--awb-spacing-left-large:1.92%;--awb-width-medium:100%;--awb-order-medium:0;--awb-spacing-right-medium:1.92%;--awb-spacing-left-medium:1.92%;--awb-width-small:100%;--awb-order-small:0;--awb-spacing-right-small:1.92%;--awb-spacing-left-small:1.92%;\"><div class=\"fusion-column-wrapper fusion-column-has-shadow fusion-flex-justify-content-flex-start fusion-content-layout-column\"><div class=\"fusion-text fusion-text-1\"><h4 id=\"reflejo-de-nuestro-compromiso-con-la-calidad-y-la-seguridad-en-productos-y-servicios\">Reflejo de nuestro compromiso con la calidad y la seguridad en productos y servicios<\/h4>\n<p>Desde NEXT DIGITAL HUB S.L. estamos encaminados a satisfacer las necesidades y expectativas de nuestras partes interesadas en nuestras actividades de \u201cDesarrollo e implantaci\u00f3n de aplicaciones software\u201d. Para afianzar el compromiso con la calidad, la organizaci\u00f3n ha decidido implantar un sistema integrado de Gesti\u00f3n de Calidad y Seguridad de la Informaci\u00f3n conforme a las normas internacionales <strong>UNE-EN-ISO 9001: 2015<\/strong> e <strong>UNE-EN-ISO 27001:2013<\/strong>. <\/p>\n<p>Esta implantaci\u00f3n implica el cumplimiento de requisitos reglamentarios y legales aplicables, as\u00ed como con el compromiso de mejora continua. Concretamente, la pol\u00edtica de gesti\u00f3n NEXT DIGITAL HUB S.L. se define en: <\/p>\n<ul>\n<li>Compromiso con el cliente para que disponga de las soluciones necesarias y adecuadas a sus circunstancias, manteniendo el v\u00ednculo en el tiempo y fomentando la confianza en la calidad y excelencia de nuestro trabajo, garantizando una adecuada seguridad de la informaci\u00f3n.<\/li>\n<li>Asignaci\u00f3n eficaz de funciones y responsabilidades de forma que el concepto de calidad y seguridad de la informaci\u00f3n est\u00e9 presente en todos los niveles y actividades.<\/li>\n<li>Concienciar y motivar al personal sobre la importancia de la implantaci\u00f3n y desarrollo de un sistema de gesti\u00f3n, garantizando su formaci\u00f3n para el correcto desempe\u00f1o de sus actividades dentro de la organizaci\u00f3n.<\/li>\n<li>Concienciar al personal sobre buenas pr\u00e1cticas de seguridad de la informaci\u00f3n.<\/li>\n<li>Establecer los controles necesarios para garantizar la confidencialidad, integridad y disponibilidad de la informaci\u00f3n manejada por la organizaci\u00f3n.<\/li>\n<li>Implantar y mantener las medidas internas de gesti\u00f3n y control para cumplir con los requisitos y mejorar continuamente la eficacia del sistema integrado de Calidad y Seguridad de la Informaci\u00f3n, asegurando as\u00ed la satisfacci\u00f3n de nuestros clientes.<\/li>\n<li>Compromiso de la alta direcci\u00f3n para la puesta a disposici\u00f3n de la organizaci\u00f3n de los recursos necesarios para la consecuci\u00f3n de los objetivos del sistema.<\/li>\n<\/ul>\n<p>Considerando estas pautas, esta direcci\u00f3n reitera su m\u00e1s firme compromiso aunando esfuerzos para el logro de estos objetivos, por lo que esta pol\u00edtica es entendida, implantada y mantenida al d\u00eda en todos los niveles de la organizaci\u00f3n.<\/p>\n<p><sub>Madrid, Mayo 2021<\/sub><br \/>\n<sub>La Direcci\u00f3n<\/sub><\/p>\n<\/div><\/div><\/div><\/div><\/div><\/p>\n","protected":false},"excerpt":{"rendered":"","protected":false},"author":1,"featured_media":0,"parent":0,"menu_order":0,"comment_status":"closed","ping_status":"closed","template":"100-width.php","meta":{"footnotes":""},"class_list":["post-2212","page","type-page","status-publish","hentry"],"_links":{"self":[{"href":"https:\/\/www.nextdigital.es\/en\/wp-json\/wp\/v2\/pages\/2212","targetHints":{"allow":["GET"]}}],"collection":[{"href":"https:\/\/www.nextdigital.es\/en\/wp-json\/wp\/v2\/pages"}],"about":[{"href":"https:\/\/www.nextdigital.es\/en\/wp-json\/wp\/v2\/types\/page"}],"author":[{"embeddable":true,"href":"https:\/\/www.nextdigital.es\/en\/wp-json\/wp\/v2\/users\/1"}],"replies":[{"embeddable":true,"href":"https:\/\/www.nextdigital.es\/en\/wp-json\/wp\/v2\/comments?post=2212"}],"version-history":[{"count":2,"href":"https:\/\/www.nextdigital.es\/en\/wp-json\/wp\/v2\/pages\/2212\/revisions"}],"predecessor-version":[{"id":2214,"href":"https:\/\/www.nextdigital.es\/en\/wp-json\/wp\/v2\/pages\/2212\/revisions\/2214"}],"wp:attachment":[{"href":"https:\/\/www.nextdigital.es\/en\/wp-json\/wp\/v2\/media?parent=2212"}],"curies":[{"name":"wp","href":"https:\/\/api.w.org\/{rel}","templated":true}]}}